{"id":221,"date":"2023-10-18T12:33:40","date_gmt":"2023-10-18T12:33:40","guid":{"rendered":"https:\/\/fgabdala.com.ar\/jornadareducida\/?page_id=221"},"modified":"2024-02-05T13:04:32","modified_gmt":"2024-02-05T13:04:32","slug":"estudios-academicos-de-la-jornada-laboral","status":"publish","type":"page","link":"https:\/\/fgabdala.com.ar\/jornadareducida\/estudios-academicos-de-la-jornada-laboral\/","title":{"rendered":"Estudios acad\u00e9micos de la jornada laboral"},"content":{"rendered":"\n<p>En distintos momentos hist\u00f3ricos la jornada laboral ha sido objeto de estudio para la academia. Proponemos aqu\u00ed recopilar algunos de esos trabajos que nos permiten pensar diversos aspectos a tener en cuenta a la hora de pensar la presencia del trabajo en nuestras vidas cotidianas.  <\/p>\n\n\n\n<h4 class=\"wp-block-heading\">LA REDUCCI\u00d3N DE LOS TIEMPOS DE TRABAJO EN EL EMPLEO Una pol\u00edtica ignorada en la agenda p\u00fablica &#8211; Sebasti\u00e1n Fern\u00e1ndez Franco y  Rub\u00e9n M. Lo Vuolo<\/h4>\n\n\n\n<p>Por distintas razones, la reducci\u00f3n de las horas de trabajo en el empleo es una pol\u00edtica p\u00fablica que ha quedado relegada en las regulaciones del mercado de empleo tanto a nivel nacional como internacional. De la misma manera, no suele ser un eje principal en las negociaciones entre empleados y empleadores. Sin embargo, la evidencia indica que ha servido, a lo largo de la historia, para mejorar las condiciones de vida de la clase trabajadora y para adaptar el funcionamiento del mercado laboral a los cambios productivos y sociales. Bajo esta consideraci\u00f3n, en este trabajo se procede a realizar una revisi\u00f3n de cierta literatura especializada en el tema. As\u00ed, una primera tarea consiste en reconstruir c\u00f3mo ha sido la trayectoria del tiempo de trabajo en el empleo. Si bien, en promedio, el tiempo de trabajo ha ca\u00eddo sistem\u00e1ticamente a lo largo del S. XX, desde las \u00faltimas d\u00e9cadas se observa una polarizaci\u00f3n en los mercados laborales que registra m\u00e1s bien una diversificaci\u00f3n de los tipos de jornada laboral. En segundo lugar, se revisan algunos argumentos econ\u00f3micos que se han ido presentando para proponer la reducci\u00f3n del tiempo de trabajo en el empleo. As\u00ed, mientras en un primer momento se se\u00f1alan motivos ligados a la salud de la fuerza laboral, con el tiempo, gana inter\u00e9s la reducci\u00f3n del desempleo y, en consecuencia, las pol\u00edticas conocidas como sharing hours. M\u00e1s recientemente se vincula la reducci\u00f3n de los tiempos de empleo con las necesidades de mitigaci\u00f3n y adaptaci\u00f3n al impacto clim\u00e1tico. En tercer lugar, presentamos la discusi\u00f3n de dos casos, Francia y Finlandia, siendo el primero el m\u00e1s estudiado en la materia. Luego, exploramos el caso de Argentina para evaluar en qu\u00e9 lugar est\u00e1 el pa\u00eds en t\u00e9rminos internacionales. De esta manera, esperamos cumplir un doble objetivo. Por un lado, situar el tema nuevamente en agenda y por el otro, dejar ciertos lineamientos para promover una pol\u00edtica p\u00fablica que tienda a reducir el tiempo de trabajo en el empleo.<br><\/p>\n\n\n\n<div class=\"wp-block-buttons is-layout-flex wp-block-buttons-is-layout-flex\">\n<div class=\"wp-block-button is-style-outline is-style-outline--1\"><a class=\"wp-block-button__link wp-element-button\" href=\"https:\/\/fgabdala.com.ar\/jornadareducida\/wp-content\/uploads\/2023\/10\/Lo-Vuolo.pdf\" target=\"_blank\" rel=\"noreferrer noopener\">acceso al documento<\/a><\/div>\n<\/div>\n\n\n\n<h4 class=\"wp-block-heading\">LA REDUCCI\u00d3N DE LA JORNADA LABORAL COMO FORMA DE CREACI\u00d3N DE EMPLEO UNA REVISI\u00d3N DE LA APLICACI\u00d3N EN EUROPA &#8211; Laura L\u00f3pez Ortiz y Santos M. Ruesga<br><\/h4>\n\n\n\n<p>La ordenaci\u00f3n del tiempo de trabajo viene siendo una reivindicaci\u00f3n antigua, contemplada como una de las ganancias sindicales, a medida que se produc\u00edan avances tecnol\u00f3gicos. Sin embargo, en la actualidad se interpreta como una pol\u00edtica activa, que precisamente act\u00faa sobre el tiempo de trabajo adelant\u00e1ndose a las ganancias de productividad y repartiendo las mismas entre todos los agentes econ\u00f3micos implicados. Los mecanismos que favorecen la creaci\u00f3n de empleo a partir de una disminuci\u00f3n de la jornada laboral se basan en dos premisas: reorganizar los tiempos de trabajo o compensar esa disminuci\u00f3n a trav\u00e9s del salario. A partir de esta idea, las diferentes pol\u00edticas de empleo que act\u00faan reduciendo el tiempo de trabajo se pueden dividir entre aqu\u00e9llas que inciden directamente en la duraci\u00f3n de la jornada laboral, las dirigidas a impulsar el uso del trabajo a tiempo parcial, o las pol\u00edticas orientadas al reparto de trabajo propiamente dicho. Tomando como ejemplo la situaci\u00f3n de distintos pa\u00edses europeos \u2014 en los que se han adoptado distintas formas de disminuir el tiempo de trabajo, como pueda ser por la aplicaci\u00f3n directa mediante ley, o por la extensi\u00f3n del contrato a tiempo parcial \u2014, se puede analizar la bondad y efectividad de estas medidas en cuanto a su objetivo de generaci\u00f3n o mantenimiento de los niveles de empleo.<\/p>\n\n\n\n<div class=\"wp-block-buttons is-layout-flex wp-block-buttons-is-layout-flex\">\n<div class=\"wp-block-button is-style-outline is-style-outline--3\"><a class=\"wp-block-button__link wp-element-button\" href=\"https:\/\/fgabdala.com.ar\/jornadareducida\/wp-content\/uploads\/2023\/10\/la_reduccion_de_la_jornada_laboral_como_forma_de_creacion_de_empleo.pdf\" target=\"_blank\" rel=\"noreferrer noopener\">acceso al documento<\/a><\/div>\n<\/div>\n\n\n\n<h4 class=\"wp-block-heading\">Impactos en el mercado laboral de la reducci\u00f3n de la jornada laboral &#8211; Nicol\u00e1s Garc\u00eda Bernal<\/h4>\n\n\n\n<p>De acuerdo con la OIT (2007), la reducci\u00f3n de la jornada laboral favorece la salud y la seguridad en el lugar de trabajo, la compatibilidad con la familia; promueve la igualdad de g\u00e9neros, el fortalecimiento sindical y la negociaci\u00f3n colectiva y refuerza la productividad. Igualmente se indica que los l\u00edmites de horas de trabajo pueden reducir las horas excesivas (que tienden a ser perjudiciales para la salud y nada productivas), y as\u00ed contribuir hacia una mayor productividad. Por otra parte, un aspecto relevante de la discusi\u00f3n es respecto a los efectos econ\u00f3micos que tendr\u00eda una variaci\u00f3n de la jornada laboral en el mercado laboral, y concretamente sobre el empleo, la eficiencia econ\u00f3mica y la productividad laboral. Por ejemplo, Marimon and Zillibotti (2000) plantean que una reducci\u00f3n de la semana laboral conducir\u00eda a m\u00e1s empleo debido a que se necesitar\u00eda un mayor n\u00famero de trabajadores para cubrir las horas en que reduce la jornada. Sin embargo, tal como lo indican Brown y Hamermesh (2019), se debe incluir en el an\u00e1lisis a los efectos sobre las horas extras, las que pueden compensar la reducci\u00f3n de las horas de trabajo. Pese a lo anterior, los estudios emp\u00edricos que han abordado la variaci\u00f3n de la jornada laboral han encontrado efectos ambiguos, lo que no permite concluir de forma clara respecto a los impactos que tendr\u00eda este cambio de pol\u00edtica sobre el mercado laboral. Esta ambig\u00fcedad se dar\u00eda por la dificultad de determinar el impacto y por el contexto econ\u00f3mico particular de cada pa\u00eds en el cual se realiza el cambio. diverso. Como muestra de la heterogeneidad en los resultados emp\u00edricos reportados, se destaca -por ejemplo- el estudio de Hunt (1999), qui\u00e9n no encontr\u00f3 efectos positivos en el empleo de una reducci\u00f3n gradual del tiempo de jornada laboral para Alemania en los a\u00f1os 80\u2019 y 90\u2019. Para Francia, Cr\u00e9pon and Kramarz (2002) que estudiaron la reducci\u00f3n de 40 a 39 horas el a\u00f1o 1982, reportaron que no se crearon nuevos trabajos, sino que se increment\u00f3 levemente el desempleo. Por otra parte, Kuroda-Yamamoto (2012) encontraron que la disminuci\u00f3n de la jornada laboral de 48 a 40 horas en Jap\u00f3n no implic\u00f3 impactos en el salario por hora y en las ganancias. Raposo y Van Ours (2010) se\u00f1alaron que la disminuci\u00f3n de 44 a 40 horas en Portugal provoc\u00f3 un aumento en los salarios por hora, manteniendo las ganancias mensuales aproximadamente constantes. Por \u00faltimo, S\u00e1nchez (2013) concluye que la reducci\u00f3n de 48 a 45 horas en Chile, implic\u00f3 un aumento en el salario por hora y ning\u00fan efecto sobre el empleo. Si bien la reducci\u00f3n de la jornada laboral tiene impactos sociales, que incluyen la salud y la calidad de vida de los trabajadores, de acuerdo con lo solicitado a la Biblioteca del Congreso Nacional, el presente informe limita su an\u00e1lisis \u00fanicamente a los impactos econ\u00f3micos en el mercado laboral.<\/p>\n\n\n\n<div class=\"wp-block-buttons is-layout-flex wp-block-buttons-is-layout-flex\">\n<div class=\"wp-block-button is-style-outline is-style-outline--5\"><a class=\"wp-block-button__link wp-element-button\" href=\"https:\/\/fgabdala.com.ar\/jornadareducida\/wp-content\/uploads\/2023\/10\/Impactos_de_la_reduccion_de_las_horas_de_la_jornada_laboral-Chile.pdf\" target=\"_blank\" rel=\"noreferrer noopener\">ACCESO AL DOCUMENTO <\/a><\/div>\n<\/div>\n\n\n\n<h4 class=\"wp-block-heading\">Propuestas de reducci\u00f3n del tiempo de trabajo en Gipuzkoa &#8211; Ver\u00f3nica Castrill\u00f3n Serna, Jos\u00e9 Mari Zendoia Sainz y Jon Bernat Zubiri Rey<\/h4>\n\n\n\n<p>Desde el inicio de la recesi\u00f3n se est\u00e1 padeciendo un incremento sostenido del paro de larga duraci\u00f3n y del subempleo. En este art\u00edculo se estudian pol\u00edticas de reducci\u00f3n del tiempo de trabajo (RTT) aplicables al caso de Gipuzkoa como v\u00eda para reducir el desempleo, abordando cuestiones territoriales, socio-laborales y productivas. Analizamos diferentes propuestas en las que se ha evaluado en qu\u00e9 medida la RTT puede tener efectos positivos de una traslaci\u00f3n del tiempo liberado a nuevos puestos de trabajo, as\u00ed como sus efectos redistributivos en diferentes escenarios de financiaci\u00f3n y por sectores productivos. Se ha dado especial importancia a la compensaci\u00f3n salarial, siendo nuestra posici\u00f3n partidaria de una RTT sustancial y equitativa, tanto en la creaci\u00f3n de puestos de trabajo como en su financiaci\u00f3n.<\/p>\n\n\n\n<div class=\"wp-block-buttons is-layout-flex wp-block-buttons-is-layout-flex\">\n<div class=\"wp-block-button is-style-outline is-style-outline--7\"><a class=\"wp-block-button__link wp-element-button\" href=\"https:\/\/fgabdala.com.ar\/jornadareducida\/wp-content\/uploads\/2023\/10\/Dialnet-PropuestasDeReduccionDelTiempoDeTrabajoEnGipuzkoa-5591540.pdf\" target=\"_blank\" rel=\"noreferrer noopener\">acceso al documento<\/a><\/div>\n<\/div>\n","protected":false},"excerpt":{"rendered":"<p>En distintos momentos hist\u00f3ricos la jornada laboral ha sido objeto de estudio para la academia. Proponemos aqu\u00ed recopilar algunos de esos trabajos que nos permiten pensar diversos aspectos a tener en cuenta a la hora de pensar la presencia del trabajo en nuestras vidas cotidianas. LA REDUCCI\u00d3N DE LOS TIEMPOS DE TRABAJO EN EL EMPLEO [&hellip;]<\/p>\n","protected":false},"author":2,"featured_media":0,"parent":0,"menu_order":0,"comment_status":"closed","ping_status":"closed","template":"","meta":{"footnotes":""},"class_list":["post-221","page","type-page","status-publish","hentry"],"yoast_head":"<!-- This site is optimized with the Yoast SEO plugin v21.5 - https:\/\/yoast.com\/wordpress\/plugins\/seo\/ -->\n<title>Estudios acad\u00e9micos de la jornada laboral - La reducci\u00f3n de la jornada de trabajo en Argentina<\/title>\n<meta name=\"description\" content=\"Los estudios acad\u00e9micos de la jornada laboral analizan distintos aspectos que posibilitan o no su discusi\u00f3n, debate y replanteo\" \/>\n<meta name=\"robots\" content=\"index, follow, max-snippet:-1, max-image-preview:large, max-video-preview:-1\" \/>\n<link rel=\"canonical\" href=\"https:\/\/fgabdala.com.ar\/jornadareducida\/estudios-academicos-de-la-jornada-laboral\/\" \/>\n<meta property=\"og:locale\" content=\"es_ES\" \/>\n<meta property=\"og:type\" content=\"article\" \/>\n<meta property=\"og:title\" content=\"Estudios acad\u00e9micos de la jornada laboral - La reducci\u00f3n de la jornada de trabajo en Argentina\" \/>\n<meta property=\"og:description\" content=\"Los estudios acad\u00e9micos de la jornada laboral analizan distintos aspectos que posibilitan o no su discusi\u00f3n, debate y replanteo\" \/>\n<meta property=\"og:url\" content=\"https:\/\/fgabdala.com.ar\/jornadareducida\/estudios-academicos-de-la-jornada-laboral\/\" \/>\n<meta property=\"og:site_name\" content=\"La reducci\u00f3n de la jornada de trabajo en Argentina\" \/>\n<meta property=\"article:modified_time\" content=\"2024-02-05T13:04:32+00:00\" \/>\n<meta name=\"twitter:card\" content=\"summary_large_image\" \/>\n<meta name=\"twitter:site\" content=\"@argmenosesmas\" \/>\n<meta name=\"twitter:label1\" content=\"Tiempo de lectura\" \/>\n\t<meta name=\"twitter:data1\" content=\"6 minutos\" \/>\n<script type=\"application\/ld+json\" class=\"yoast-schema-graph\">{\"@context\":\"https:\/\/schema.org\",\"@graph\":[{\"@type\":\"WebPage\",\"@id\":\"https:\/\/fgabdala.com.ar\/jornadareducida\/estudios-academicos-de-la-jornada-laboral\/\",\"url\":\"https:\/\/fgabdala.com.ar\/jornadareducida\/estudios-academicos-de-la-jornada-laboral\/\",\"name\":\"Estudios acad\u00e9micos de la jornada laboral - La reducci\u00f3n de la jornada de trabajo en Argentina\",\"isPartOf\":{\"@id\":\"https:\/\/fgabdala.com.ar\/jornadareducida\/#website\"},\"datePublished\":\"2023-10-18T12:33:40+00:00\",\"dateModified\":\"2024-02-05T13:04:32+00:00\",\"description\":\"Los estudios acad\u00e9micos de la jornada laboral analizan distintos aspectos que posibilitan o no su discusi\u00f3n, debate y replanteo\",\"breadcrumb\":{\"@id\":\"https:\/\/fgabdala.com.ar\/jornadareducida\/estudios-academicos-de-la-jornada-laboral\/#breadcrumb\"},\"inLanguage\":\"es-AR\",\"potentialAction\":[{\"@type\":\"ReadAction\",\"target\":[\"https:\/\/fgabdala.com.ar\/jornadareducida\/estudios-academicos-de-la-jornada-laboral\/\"]}]},{\"@type\":\"BreadcrumbList\",\"@id\":\"https:\/\/fgabdala.com.ar\/jornadareducida\/estudios-academicos-de-la-jornada-laboral\/#breadcrumb\",\"itemListElement\":[{\"@type\":\"ListItem\",\"position\":1,\"name\":\"Inicio\",\"item\":\"https:\/\/fgabdala.com.ar\/jornadareducida\/\"},{\"@type\":\"ListItem\",\"position\":2,\"name\":\"Estudios acad\u00e9micos de la jornada laboral\"}]},{\"@type\":\"WebSite\",\"@id\":\"https:\/\/fgabdala.com.ar\/jornadareducida\/#website\",\"url\":\"https:\/\/fgabdala.com.ar\/jornadareducida\/\",\"name\":\"Menos es m\u00e1s - La reducci\u00f3n de la jornada de trabajo en Argentina\",\"description\":\"\",\"publisher\":{\"@id\":\"https:\/\/fgabdala.com.ar\/jornadareducida\/#organization\"},\"potentialAction\":[{\"@type\":\"SearchAction\",\"target\":{\"@type\":\"EntryPoint\",\"urlTemplate\":\"https:\/\/fgabdala.com.ar\/jornadareducida\/?s={search_term_string}\"},\"query-input\":\"required name=search_term_string\"}],\"inLanguage\":\"es-AR\"},{\"@type\":\"Organization\",\"@id\":\"https:\/\/fgabdala.com.ar\/jornadareducida\/#organization\",\"name\":\"Menos es m\u00e1s\",\"url\":\"https:\/\/fgabdala.com.ar\/jornadareducida\/\",\"logo\":{\"@type\":\"ImageObject\",\"inLanguage\":\"es-AR\",\"@id\":\"https:\/\/fgabdala.com.ar\/jornadareducida\/#\/schema\/logo\/image\/\",\"url\":\"https:\/\/fgabdala.com.ar\/jornadareducida\/wp-content\/uploads\/2023\/09\/menos-es.png\",\"contentUrl\":\"https:\/\/fgabdala.com.ar\/jornadareducida\/wp-content\/uploads\/2023\/09\/menos-es.png\",\"width\":1080,\"height\":1080,\"caption\":\"Menos es m\u00e1s\"},\"image\":{\"@id\":\"https:\/\/fgabdala.com.ar\/jornadareducida\/#\/schema\/logo\/image\/\"},\"sameAs\":[\"https:\/\/twitter.com\/argmenosesmas\",\"https:\/\/www.instagram.com\/argentinamenosesmas\/\"]}]}<\/script>\n<!-- \/ Yoast SEO plugin. -->","yoast_head_json":{"title":"Estudios acad\u00e9micos de la jornada laboral - La reducci\u00f3n de la jornada de trabajo en Argentina","description":"Los estudios acad\u00e9micos de la jornada laboral analizan distintos aspectos que posibilitan o no su discusi\u00f3n, debate y replanteo","robots":{"index":"index","follow":"follow","max-snippet":"max-snippet:-1","max-image-preview":"max-image-preview:large","max-video-preview":"max-video-preview:-1"},"canonical":"https:\/\/fgabdala.com.ar\/jornadareducida\/estudios-academicos-de-la-jornada-laboral\/","og_locale":"es_ES","og_type":"article","og_title":"Estudios acad\u00e9micos de la jornada laboral - La reducci\u00f3n de la jornada de trabajo en Argentina","og_description":"Los estudios acad\u00e9micos de la jornada laboral analizan distintos aspectos que posibilitan o no su discusi\u00f3n, debate y replanteo","og_url":"https:\/\/fgabdala.com.ar\/jornadareducida\/estudios-academicos-de-la-jornada-laboral\/","og_site_name":"La reducci\u00f3n de la jornada de trabajo en Argentina","article_modified_time":"2024-02-05T13:04:32+00:00","twitter_card":"summary_large_image","twitter_site":"@argmenosesmas","twitter_misc":{"Tiempo de lectura":"6 minutos"},"schema":{"@context":"https:\/\/schema.org","@graph":[{"@type":"WebPage","@id":"https:\/\/fgabdala.com.ar\/jornadareducida\/estudios-academicos-de-la-jornada-laboral\/","url":"https:\/\/fgabdala.com.ar\/jornadareducida\/estudios-academicos-de-la-jornada-laboral\/","name":"Estudios acad\u00e9micos de la jornada laboral - La reducci\u00f3n de la jornada de trabajo en Argentina","isPartOf":{"@id":"https:\/\/fgabdala.com.ar\/jornadareducida\/#website"},"datePublished":"2023-10-18T12:33:40+00:00","dateModified":"2024-02-05T13:04:32+00:00","description":"Los estudios acad\u00e9micos de la jornada laboral analizan distintos aspectos que posibilitan o no su discusi\u00f3n, debate y replanteo","breadcrumb":{"@id":"https:\/\/fgabdala.com.ar\/jornadareducida\/estudios-academicos-de-la-jornada-laboral\/#breadcrumb"},"inLanguage":"es-AR","potentialAction":[{"@type":"ReadAction","target":["https:\/\/fgabdala.com.ar\/jornadareducida\/estudios-academicos-de-la-jornada-laboral\/"]}]},{"@type":"BreadcrumbList","@id":"https:\/\/fgabdala.com.ar\/jornadareducida\/estudios-academicos-de-la-jornada-laboral\/#breadcrumb","itemListElement":[{"@type":"ListItem","position":1,"name":"Inicio","item":"https:\/\/fgabdala.com.ar\/jornadareducida\/"},{"@type":"ListItem","position":2,"name":"Estudios acad\u00e9micos de la jornada laboral"}]},{"@type":"WebSite","@id":"https:\/\/fgabdala.com.ar\/jornadareducida\/#website","url":"https:\/\/fgabdala.com.ar\/jornadareducida\/","name":"Menos es m\u00e1s - La reducci\u00f3n de la jornada de trabajo en Argentina","description":"","publisher":{"@id":"https:\/\/fgabdala.com.ar\/jornadareducida\/#organization"},"potentialAction":[{"@type":"SearchAction","target":{"@type":"EntryPoint","urlTemplate":"https:\/\/fgabdala.com.ar\/jornadareducida\/?s={search_term_string}"},"query-input":"required name=search_term_string"}],"inLanguage":"es-AR"},{"@type":"Organization","@id":"https:\/\/fgabdala.com.ar\/jornadareducida\/#organization","name":"Menos es m\u00e1s","url":"https:\/\/fgabdala.com.ar\/jornadareducida\/","logo":{"@type":"ImageObject","inLanguage":"es-AR","@id":"https:\/\/fgabdala.com.ar\/jornadareducida\/#\/schema\/logo\/image\/","url":"https:\/\/fgabdala.com.ar\/jornadareducida\/wp-content\/uploads\/2023\/09\/menos-es.png","contentUrl":"https:\/\/fgabdala.com.ar\/jornadareducida\/wp-content\/uploads\/2023\/09\/menos-es.png","width":1080,"height":1080,"caption":"Menos es m\u00e1s"},"image":{"@id":"https:\/\/fgabdala.com.ar\/jornadareducida\/#\/schema\/logo\/image\/"},"sameAs":["https:\/\/twitter.com\/argmenosesmas","https:\/\/www.instagram.com\/argentinamenosesmas\/"]}]}},"jetpack_sharing_enabled":true,"_links":{"self":[{"href":"https:\/\/fgabdala.com.ar\/jornadareducida\/wp-json\/wp\/v2\/pages\/221","targetHints":{"allow":["GET"]}}],"collection":[{"href":"https:\/\/fgabdala.com.ar\/jornadareducida\/wp-json\/wp\/v2\/pages"}],"about":[{"href":"https:\/\/fgabdala.com.ar\/jornadareducida\/wp-json\/wp\/v2\/types\/page"}],"author":[{"embeddable":true,"href":"https:\/\/fgabdala.com.ar\/jornadareducida\/wp-json\/wp\/v2\/users\/2"}],"replies":[{"embeddable":true,"href":"https:\/\/fgabdala.com.ar\/jornadareducida\/wp-json\/wp\/v2\/comments?post=221"}],"version-history":[{"count":4,"href":"https:\/\/fgabdala.com.ar\/jornadareducida\/wp-json\/wp\/v2\/pages\/221\/revisions"}],"predecessor-version":[{"id":271,"href":"https:\/\/fgabdala.com.ar\/jornadareducida\/wp-json\/wp\/v2\/pages\/221\/revisions\/271"}],"wp:attachment":[{"href":"https:\/\/fgabdala.com.ar\/jornadareducida\/wp-json\/wp\/v2\/media?parent=221"}],"curies":[{"name":"wp","href":"https:\/\/api.w.org\/{rel}","templated":true}]}}