{"id":14,"date":"2023-08-18T14:31:03","date_gmt":"2023-08-18T14:31:03","guid":{"rendered":"https:\/\/fgabdala.com.ar\/jornadareducida\/?page_id=14"},"modified":"2024-02-05T13:08:15","modified_gmt":"2024-02-05T13:08:15","slug":"la-reduccion-de-la-jornada-de-trabajo-en-el-mundo","status":"publish","type":"page","link":"https:\/\/fgabdala.com.ar\/jornadareducida\/la-reduccion-de-la-jornada-de-trabajo-en-el-mundo\/","title":{"rendered":"Panorama Internacional"},"content":{"rendered":"\n<p>La <strong>discusi\u00f3n de la jornada laboral en el mundo<\/strong> es un movimiento constante que posee varias aristas que van desde su balance con la vida personal, las condiciones de seguridad y el impacto del mismo en otros aspectos como el ambiente o las econom\u00edas regionales. Hablaremos aqu\u00ed de ese panorama internacional. <\/p>\n\n\n\n<h2 class=\"wp-block-heading\">La jornada de trabajo en el mundo: hacia su reducci\u00f3n<\/h2>\n\n\n\n<p>Esta tendencia mundial se constata, tanto en el acortamiento de las jornadas laborales legales, mediante distintos tipos de herramientas normativas nacionales, regionales o sectoriales, como en la cantidad de horas reales anuales promedio trabajadas en la mayor\u00eda de los pa\u00edses.\u00a0<\/p>\n\n\n\n<p>Si nos concentramos exclusivamente en la limitaci\u00f3n legal de la jornada laboral las normativas var\u00edan mucho entre los diversos pa\u00edses. En Francia, Dinamarca, Australia o Espa\u00f1a, por ejemplo, la semana laboral legal oscila entre las 35 y las 40 horas. Asia es una de las regionales con jornadas laborales m\u00e1s extensas, Corea del Sur tiene una semana legal de 52 horas cuyo intento de ampliaci\u00f3n a 69 horas fue abandonado en marzo de 2023 por el gobierno, producto de las protestas que despert\u00f3. <\/p>\n\n\n\n<p>En Am\u00e9rica Latina, en M\u00e9xico, Paraguay, Uruguay o Per\u00fa la regulaci\u00f3n permite hasta 48 horas semanales, al igual que en Argentina, en tanto que en Brasil el l\u00edmite es de 44, en Ecuador o Venezuela de 40, en tanto que Chile y Colombia est\u00e1n en proceso de reducir paulatinamente esta extensi\u00f3n a 40 y 42 horas semanales respectivamente.&nbsp;<\/p>\n\n\n\n<div class=\"wp-block-cover\"><span aria-hidden=\"true\" class=\"wp-block-cover__background has-background-dim\"><\/span><img loading=\"lazy\" decoding=\"async\" width=\"1024\" height=\"692\" class=\"wp-block-cover__image-background wp-image-167\" alt=\"\" src=\"https:\/\/fgabdala.com.ar\/jornadareducida\/wp-content\/uploads\/2023\/10\/pexels-meruyert-gonullu-6588937-1024x692.jpg\" data-object-fit=\"cover\" srcset=\"https:\/\/fgabdala.com.ar\/jornadareducida\/wp-content\/uploads\/2023\/10\/pexels-meruyert-gonullu-6588937-1024x692.jpg 1024w, https:\/\/fgabdala.com.ar\/jornadareducida\/wp-content\/uploads\/2023\/10\/pexels-meruyert-gonullu-6588937-300x203.jpg 300w, https:\/\/fgabdala.com.ar\/jornadareducida\/wp-content\/uploads\/2023\/10\/pexels-meruyert-gonullu-6588937-768x519.jpg 768w, https:\/\/fgabdala.com.ar\/jornadareducida\/wp-content\/uploads\/2023\/10\/pexels-meruyert-gonullu-6588937-1536x1038.jpg 1536w, https:\/\/fgabdala.com.ar\/jornadareducida\/wp-content\/uploads\/2023\/10\/pexels-meruyert-gonullu-6588937-2048x1384.jpg 2048w, https:\/\/fgabdala.com.ar\/jornadareducida\/wp-content\/uploads\/2023\/10\/pexels-meruyert-gonullu-6588937-1200x811.jpg 1200w, https:\/\/fgabdala.com.ar\/jornadareducida\/wp-content\/uploads\/2023\/10\/pexels-meruyert-gonullu-6588937-1980x1338.jpg 1980w\" sizes=\"auto, (max-width: 1024px) 100vw, 1024px\" \/><div class=\"wp-block-cover__inner-container is-layout-flow wp-block-cover-is-layout-flow\">\n<p class=\"has-text-align-center has-large-font-size\">Un tiempo libre que se balancea con el laboral <\/p>\n<\/div><\/div>\n\n\n\n<p><\/p>\n\n\n<ul class=\"wp-block-latest-posts__list wp-block-latest-posts\"><li><a class=\"wp-block-latest-posts__post-title\" href=\"https:\/\/fgabdala.com.ar\/jornadareducida\/la-reduccion-de-la-jornada-laboral-en-el-mundo\/\">La reducci\u00f3n de la jornada laboral en el mundo<\/a><div class=\"wp-block-latest-posts__post-excerpt\">El posicionamiento internacional El principal organismo rector a nivel mundial, la Organizaci\u00f3n Internacional del Trabajo (OIT), habla de la jornada laboral en el mundo cuando dice en el informe de su Comisi\u00f3n Mundial sobre el Futuro del Trabajo, \u201cTrabajar para un futuro m\u00e1s prometedor\u201d, y remarca que \u201cson demasiados los trabajadores que siguen trabajando horas \u2026 <a href=\"https:\/\/fgabdala.com.ar\/jornadareducida\/la-reduccion-de-la-jornada-laboral-en-el-mundo\/\" rel=\"noopener noreferrer\">Read more<\/a><\/div><\/li>\n<li><a class=\"wp-block-latest-posts__post-title\" href=\"https:\/\/fgabdala.com.ar\/jornadareducida\/panorama-internacional-experiencias-de-la-jornada-laboral-en-el-mundo\/\">Experiencias de la jornada laboral en el mundo<\/a><div class=\"wp-block-latest-posts__post-excerpt\">En t\u00e9rminos generales y simplificando, las experiencias de reducci\u00f3n de la jornada laboral en el mundo que se vienen desarrollando en los \u00faltimos a\u00f1os, asumen tres formas paradigm\u00e1ticas: modificaciones en la legislaci\u00f3n nacional que regula la duraci\u00f3n de la jornada, acuerdos alcanzados a nivel sectorial o particular entre empresarios y representaciones de los trabajadores y, \u2026 <a href=\"https:\/\/fgabdala.com.ar\/jornadareducida\/panorama-internacional-experiencias-de-la-jornada-laboral-en-el-mundo\/\" rel=\"noopener noreferrer\">Read more<\/a><\/div><\/li>\n<\/ul>","protected":false},"excerpt":{"rendered":"<p>La discusi\u00f3n de la jornada laboral en el mundo es un movimiento constante que posee varias aristas que van desde su balance con la vida personal, las condiciones de seguridad y el impacto del mismo en otros aspectos como el ambiente o las econom\u00edas regionales. Hablaremos aqu\u00ed de ese panorama internacional. La jornada de trabajo \u2026 <a href=\"https:\/\/fgabdala.com.ar\/jornadareducida\/la-reduccion-de-la-jornada-de-trabajo-en-el-mundo\/\" rel=\"noopener noreferrer\">Read more<\/a><\/p>\n","protected":false},"author":3,"featured_media":0,"parent":0,"menu_order":0,"comment_status":"open","ping_status":"closed","template":"","meta":{"footnotes":""},"class_list":["post-14","page","type-page","status-publish","hentry"],"yoast_head":"<!-- This site is optimized with the Yoast SEO plugin v21.5 - https:\/\/yoast.com\/wordpress\/plugins\/seo\/ -->\n<title>Panorama Internacional - La reducci\u00f3n de la jornada de trabajo en Argentina<\/title>\n<meta name=\"description\" content=\"Un resumen del panorama internacional para conocer la tendencia de reducci\u00f3n de la jornada laboral en el mundo.\" \/>\n<meta name=\"robots\" content=\"index, follow, max-snippet:-1, max-image-preview:large, max-video-preview:-1\" \/>\n<link rel=\"canonical\" href=\"https:\/\/fgabdala.com.ar\/jornadareducida\/la-reduccion-de-la-jornada-de-trabajo-en-el-mundo\/\" \/>\n<meta property=\"og:locale\" content=\"es_ES\" \/>\n<meta property=\"og:type\" content=\"article\" \/>\n<meta property=\"og:title\" content=\"Panorama Internacional - La reducci\u00f3n de la jornada de trabajo en Argentina\" \/>\n<meta property=\"og:description\" content=\"Un resumen del panorama internacional para conocer la tendencia de reducci\u00f3n de la jornada laboral en el mundo.\" \/>\n<meta property=\"og:url\" content=\"https:\/\/fgabdala.com.ar\/jornadareducida\/la-reduccion-de-la-jornada-de-trabajo-en-el-mundo\/\" \/>\n<meta property=\"og:site_name\" content=\"La reducci\u00f3n de la jornada de trabajo en Argentina\" \/>\n<meta property=\"article:modified_time\" content=\"2024-02-05T13:08:15+00:00\" \/>\n<meta property=\"og:image\" content=\"https:\/\/fgabdala.com.ar\/jornadareducida\/wp-content\/uploads\/2023\/10\/pexels-meruyert-gonullu-6588937-1024x692.jpg\" \/>\n<meta name=\"twitter:card\" content=\"summary_large_image\" \/>\n<meta name=\"twitter:site\" content=\"@argmenosesmas\" \/>\n<meta name=\"twitter:label1\" content=\"Tiempo de lectura\" \/>\n\t<meta name=\"twitter:data1\" content=\"2 minutos\" \/>\n<script type=\"application\/ld+json\" class=\"yoast-schema-graph\">{\"@context\":\"https:\/\/schema.org\",\"@graph\":[{\"@type\":\"WebPage\",\"@id\":\"https:\/\/fgabdala.com.ar\/jornadareducida\/la-reduccion-de-la-jornada-de-trabajo-en-el-mundo\/\",\"url\":\"https:\/\/fgabdala.com.ar\/jornadareducida\/la-reduccion-de-la-jornada-de-trabajo-en-el-mundo\/\",\"name\":\"Panorama Internacional - La reducci\u00f3n de la jornada de trabajo en Argentina\",\"isPartOf\":{\"@id\":\"https:\/\/fgabdala.com.ar\/jornadareducida\/#website\"},\"datePublished\":\"2023-08-18T14:31:03+00:00\",\"dateModified\":\"2024-02-05T13:08:15+00:00\",\"description\":\"Un resumen del panorama internacional para conocer la tendencia de reducci\u00f3n de la jornada laboral en el mundo.\",\"breadcrumb\":{\"@id\":\"https:\/\/fgabdala.com.ar\/jornadareducida\/la-reduccion-de-la-jornada-de-trabajo-en-el-mundo\/#breadcrumb\"},\"inLanguage\":\"es-AR\",\"potentialAction\":[{\"@type\":\"ReadAction\",\"target\":[\"https:\/\/fgabdala.com.ar\/jornadareducida\/la-reduccion-de-la-jornada-de-trabajo-en-el-mundo\/\"]}]},{\"@type\":\"BreadcrumbList\",\"@id\":\"https:\/\/fgabdala.com.ar\/jornadareducida\/la-reduccion-de-la-jornada-de-trabajo-en-el-mundo\/#breadcrumb\",\"itemListElement\":[{\"@type\":\"ListItem\",\"position\":1,\"name\":\"Inicio\",\"item\":\"https:\/\/fgabdala.com.ar\/jornadareducida\/\"},{\"@type\":\"ListItem\",\"position\":2,\"name\":\"Panorama Internacional\"}]},{\"@type\":\"WebSite\",\"@id\":\"https:\/\/fgabdala.com.ar\/jornadareducida\/#website\",\"url\":\"https:\/\/fgabdala.com.ar\/jornadareducida\/\",\"name\":\"Menos es m\u00e1s - La reducci\u00f3n de la jornada de trabajo en Argentina\",\"description\":\"\",\"publisher\":{\"@id\":\"https:\/\/fgabdala.com.ar\/jornadareducida\/#organization\"},\"potentialAction\":[{\"@type\":\"SearchAction\",\"target\":{\"@type\":\"EntryPoint\",\"urlTemplate\":\"https:\/\/fgabdala.com.ar\/jornadareducida\/?s={search_term_string}\"},\"query-input\":\"required name=search_term_string\"}],\"inLanguage\":\"es-AR\"},{\"@type\":\"Organization\",\"@id\":\"https:\/\/fgabdala.com.ar\/jornadareducida\/#organization\",\"name\":\"Menos es m\u00e1s\",\"url\":\"https:\/\/fgabdala.com.ar\/jornadareducida\/\",\"logo\":{\"@type\":\"ImageObject\",\"inLanguage\":\"es-AR\",\"@id\":\"https:\/\/fgabdala.com.ar\/jornadareducida\/#\/schema\/logo\/image\/\",\"url\":\"https:\/\/fgabdala.com.ar\/jornadareducida\/wp-content\/uploads\/2023\/09\/menos-es.png\",\"contentUrl\":\"https:\/\/fgabdala.com.ar\/jornadareducida\/wp-content\/uploads\/2023\/09\/menos-es.png\",\"width\":1080,\"height\":1080,\"caption\":\"Menos es m\u00e1s\"},\"image\":{\"@id\":\"https:\/\/fgabdala.com.ar\/jornadareducida\/#\/schema\/logo\/image\/\"},\"sameAs\":[\"https:\/\/twitter.com\/argmenosesmas\",\"https:\/\/www.instagram.com\/argentinamenosesmas\/\"]}]}<\/script>\n<!-- \/ Yoast SEO plugin. -->","yoast_head_json":{"title":"Panorama Internacional - La reducci\u00f3n de la jornada de trabajo en Argentina","description":"Un resumen del panorama internacional para conocer la tendencia de reducci\u00f3n de la jornada laboral en el mundo.","robots":{"index":"index","follow":"follow","max-snippet":"max-snippet:-1","max-image-preview":"max-image-preview:large","max-video-preview":"max-video-preview:-1"},"canonical":"https:\/\/fgabdala.com.ar\/jornadareducida\/la-reduccion-de-la-jornada-de-trabajo-en-el-mundo\/","og_locale":"es_ES","og_type":"article","og_title":"Panorama Internacional - La reducci\u00f3n de la jornada de trabajo en Argentina","og_description":"Un resumen del panorama internacional para conocer la tendencia de reducci\u00f3n de la jornada laboral en el mundo.","og_url":"https:\/\/fgabdala.com.ar\/jornadareducida\/la-reduccion-de-la-jornada-de-trabajo-en-el-mundo\/","og_site_name":"La reducci\u00f3n de la jornada de trabajo en Argentina","article_modified_time":"2024-02-05T13:08:15+00:00","og_image":[{"url":"https:\/\/fgabdala.com.ar\/jornadareducida\/wp-content\/uploads\/2023\/10\/pexels-meruyert-gonullu-6588937-1024x692.jpg"}],"twitter_card":"summary_large_image","twitter_site":"@argmenosesmas","twitter_misc":{"Tiempo de lectura":"2 minutos"},"schema":{"@context":"https:\/\/schema.org","@graph":[{"@type":"WebPage","@id":"https:\/\/fgabdala.com.ar\/jornadareducida\/la-reduccion-de-la-jornada-de-trabajo-en-el-mundo\/","url":"https:\/\/fgabdala.com.ar\/jornadareducida\/la-reduccion-de-la-jornada-de-trabajo-en-el-mundo\/","name":"Panorama Internacional - La reducci\u00f3n de la jornada de trabajo en Argentina","isPartOf":{"@id":"https:\/\/fgabdala.com.ar\/jornadareducida\/#website"},"datePublished":"2023-08-18T14:31:03+00:00","dateModified":"2024-02-05T13:08:15+00:00","description":"Un resumen del panorama internacional para conocer la tendencia de reducci\u00f3n de la jornada laboral en el mundo.","breadcrumb":{"@id":"https:\/\/fgabdala.com.ar\/jornadareducida\/la-reduccion-de-la-jornada-de-trabajo-en-el-mundo\/#breadcrumb"},"inLanguage":"es-AR","potentialAction":[{"@type":"ReadAction","target":["https:\/\/fgabdala.com.ar\/jornadareducida\/la-reduccion-de-la-jornada-de-trabajo-en-el-mundo\/"]}]},{"@type":"BreadcrumbList","@id":"https:\/\/fgabdala.com.ar\/jornadareducida\/la-reduccion-de-la-jornada-de-trabajo-en-el-mundo\/#breadcrumb","itemListElement":[{"@type":"ListItem","position":1,"name":"Inicio","item":"https:\/\/fgabdala.com.ar\/jornadareducida\/"},{"@type":"ListItem","position":2,"name":"Panorama Internacional"}]},{"@type":"WebSite","@id":"https:\/\/fgabdala.com.ar\/jornadareducida\/#website","url":"https:\/\/fgabdala.com.ar\/jornadareducida\/","name":"Menos es m\u00e1s - La reducci\u00f3n de la jornada de trabajo en Argentina","description":"","publisher":{"@id":"https:\/\/fgabdala.com.ar\/jornadareducida\/#organization"},"potentialAction":[{"@type":"SearchAction","target":{"@type":"EntryPoint","urlTemplate":"https:\/\/fgabdala.com.ar\/jornadareducida\/?s={search_term_string}"},"query-input":"required name=search_term_string"}],"inLanguage":"es-AR"},{"@type":"Organization","@id":"https:\/\/fgabdala.com.ar\/jornadareducida\/#organization","name":"Menos es m\u00e1s","url":"https:\/\/fgabdala.com.ar\/jornadareducida\/","logo":{"@type":"ImageObject","inLanguage":"es-AR","@id":"https:\/\/fgabdala.com.ar\/jornadareducida\/#\/schema\/logo\/image\/","url":"https:\/\/fgabdala.com.ar\/jornadareducida\/wp-content\/uploads\/2023\/09\/menos-es.png","contentUrl":"https:\/\/fgabdala.com.ar\/jornadareducida\/wp-content\/uploads\/2023\/09\/menos-es.png","width":1080,"height":1080,"caption":"Menos es m\u00e1s"},"image":{"@id":"https:\/\/fgabdala.com.ar\/jornadareducida\/#\/schema\/logo\/image\/"},"sameAs":["https:\/\/twitter.com\/argmenosesmas","https:\/\/www.instagram.com\/argentinamenosesmas\/"]}]}},"jetpack_sharing_enabled":true,"_links":{"self":[{"href":"https:\/\/fgabdala.com.ar\/jornadareducida\/wp-json\/wp\/v2\/pages\/14","targetHints":{"allow":["GET"]}}],"collection":[{"href":"https:\/\/fgabdala.com.ar\/jornadareducida\/wp-json\/wp\/v2\/pages"}],"about":[{"href":"https:\/\/fgabdala.com.ar\/jornadareducida\/wp-json\/wp\/v2\/types\/page"}],"author":[{"embeddable":true,"href":"https:\/\/fgabdala.com.ar\/jornadareducida\/wp-json\/wp\/v2\/users\/3"}],"replies":[{"embeddable":true,"href":"https:\/\/fgabdala.com.ar\/jornadareducida\/wp-json\/wp\/v2\/comments?post=14"}],"version-history":[{"count":12,"href":"https:\/\/fgabdala.com.ar\/jornadareducida\/wp-json\/wp\/v2\/pages\/14\/revisions"}],"predecessor-version":[{"id":273,"href":"https:\/\/fgabdala.com.ar\/jornadareducida\/wp-json\/wp\/v2\/pages\/14\/revisions\/273"}],"wp:attachment":[{"href":"https:\/\/fgabdala.com.ar\/jornadareducida\/wp-json\/wp\/v2\/media?parent=14"}],"curies":[{"name":"wp","href":"https:\/\/api.w.org\/{rel}","templated":true}]}}